{"id":251,"date":"2023-04-01T18:44:46","date_gmt":"2023-04-01T16:44:46","guid":{"rendered":"https:\/\/antoinelanau.com\/?page_id=251"},"modified":"2024-05-18T14:38:44","modified_gmt":"2024-05-18T12:38:44","slug":"about","status":"publish","type":"page","link":"https:\/\/antoinelanau.com\/en\/about\/","title":{"rendered":"About"},"content":{"rendered":"<div data-elementor-type=\"wp-page\" data-elementor-id=\"251\" class=\"elementor elementor-251\">\n\t\t\t\t\t\t<section class=\"elementor-section elementor-top-section elementor-element elementor-element-7b27adf7 elementor-section-boxed elementor-section-height-default elementor-section-height-default\" data-id=\"7b27adf7\" data-element_type=\"section\" data-e-type=\"section\">\n\t\t\t\t\t\t<div class=\"elementor-container elementor-column-gap-default\">\n\t\t\t\t\t<div class=\"elementor-column elementor-col-25 elementor-top-column elementor-element elementor-element-65d54656\" data-id=\"65d54656\" data-element_type=\"column\" data-e-type=\"column\">\n\t\t\t<div class=\"elementor-widget-wrap elementor-element-populated\">\n\t\t\t\t\t\t<div class=\"elementor-element elementor-element-454bfa8b elementor-invisible elementor-widget elementor-widget-image\" data-id=\"454bfa8b\" data-element_type=\"widget\" data-e-type=\"widget\" data-settings=\"{&quot;_animation&quot;:&quot;fadeInLeft&quot;}\" data-widget_type=\"image.default\">\n\t\t\t\t<div class=\"elementor-widget-container\">\n\t\t\t\t\t\t\t\t\t\t\t\t\t\t\t\t<a href=\"https:\/\/antoinelanau.com\/en\/\">\n\t\t\t\t\t\t\t<img fetchpriority=\"high\" decoding=\"async\" width=\"941\" height=\"313\" src=\"https:\/\/antoinelanau.com\/wp-content\/uploads\/2024\/05\/logo-antoine-lanau-2024-black2-1.png\" class=\"elementor-animation-sink attachment-2048x2048 size-2048x2048 wp-image-2357\" alt=\"\" srcset=\"https:\/\/antoinelanau.com\/wp-content\/uploads\/2024\/05\/logo-antoine-lanau-2024-black2-1.png 941w, https:\/\/antoinelanau.com\/wp-content\/uploads\/2024\/05\/logo-antoine-lanau-2024-black2-1-300x100.png 300w, https:\/\/antoinelanau.com\/wp-content\/uploads\/2024\/05\/logo-antoine-lanau-2024-black2-1-768x255.png 768w, https:\/\/antoinelanau.com\/wp-content\/uploads\/2024\/05\/logo-antoine-lanau-2024-black2-1-18x6.png 18w, https:\/\/antoinelanau.com\/wp-content\/uploads\/2024\/05\/logo-antoine-lanau-2024-black2-1-600x200.png 600w, https:\/\/antoinelanau.com\/wp-content\/uploads\/2024\/05\/logo-antoine-lanau-2024-black2-1-150x50.png 150w\" sizes=\"(max-width: 941px) 100vw, 941px\" \/>\t\t\t\t\t\t\t\t<\/a>\n\t\t\t\t\t\t\t\t\t\t\t\t\t\t\t<\/div>\n\t\t\t\t<\/div>\n\t\t\t\t\t<\/div>\n\t\t<\/div>\n\t\t\t\t<div class=\"elementor-column elementor-col-25 elementor-top-column elementor-element elementor-element-20ef18f0\" data-id=\"20ef18f0\" data-element_type=\"column\" data-e-type=\"column\">\n\t\t\t<div class=\"elementor-widget-wrap elementor-element-populated\">\n\t\t\t\t\t\t<div class=\"elementor-element elementor-element-7cd502b elementor-widget elementor-widget-nav-menu\" data-id=\"7cd502b\" data-element_type=\"widget\" data-e-type=\"widget\" data-widget_type=\"nav-menu.default\">\n\t\t\t\t<div class=\"elementor-widget-container\">\n\t\t\t\t\t \t\t\t\t<\/div>\n\t\t\t\t<\/div>\n\t\t\t\t\t<\/div>\n\t\t<\/div>\n\t\t\t\t<div class=\"elementor-column elementor-col-25 elementor-top-column elementor-element elementor-element-747baf4a\" data-id=\"747baf4a\" data-element_type=\"column\" data-e-type=\"column\">\n\t\t\t<div class=\"elementor-widget-wrap elementor-element-populated\">\n\t\t\t\t\t\t<div class=\"elementor-element elementor-element-4384bd3f elementor-icon-list--layout-inline elementor-align-end elementor-mobile-align-center elementor-list-item-link-full_width elementor-invisible elementor-widget elementor-widget-icon-list\" data-id=\"4384bd3f\" data-element_type=\"widget\" data-e-type=\"widget\" data-settings=\"{&quot;_animation&quot;:&quot;fadeInRight&quot;}\" data-widget_type=\"icon-list.default\">\n\t\t\t\t<div class=\"elementor-widget-container\">\n\t\t\t\t\t\t\t<ul class=\"elementor-icon-list-items elementor-inline-items\">\n\t\t\t\t\t\t\t<li class=\"elementor-icon-list-item elementor-inline-item\">\n\t\t\t\t\t\t\t\t\t\t\t<a href=\"https:\/\/www.behance.net\/AntoineLanau\" target=\"_blank\">\n\n\t\t\t\t\t\t\t\t\t\t\t\t<span class=\"elementor-icon-list-icon\">\n\t\t\t\t\t\t\t<i aria-hidden=\"true\" class=\"fab fa-behance-square\"><\/i>\t\t\t\t\t\t<\/span>\n\t\t\t\t\t\t\t\t\t\t<span class=\"elementor-icon-list-text\"><\/span>\n\t\t\t\t\t\t\t\t\t\t\t<\/a>\n\t\t\t\t\t\t\t\t\t<\/li>\n\t\t\t\t\t\t\t\t<li class=\"elementor-icon-list-item elementor-inline-item\">\n\t\t\t\t\t\t\t\t\t\t\t<a href=\"https:\/\/www.instagram.com\/antlanau\/\" target=\"_blank\">\n\n\t\t\t\t\t\t\t\t\t\t\t\t<span class=\"elementor-icon-list-icon\">\n\t\t\t\t\t\t\t<i aria-hidden=\"true\" class=\"fab fa-instagram\"><\/i>\t\t\t\t\t\t<\/span>\n\t\t\t\t\t\t\t\t\t\t<span class=\"elementor-icon-list-text\"><\/span>\n\t\t\t\t\t\t\t\t\t\t\t<\/a>\n\t\t\t\t\t\t\t\t\t<\/li>\n\t\t\t\t\t\t\t\t<li class=\"elementor-icon-list-item elementor-inline-item\">\n\t\t\t\t\t\t\t\t\t\t\t<a href=\"https:\/\/facebook.com\/AntoineLanau\" target=\"_blank\">\n\n\t\t\t\t\t\t\t\t\t\t\t\t<span class=\"elementor-icon-list-icon\">\n\t\t\t\t\t\t\t<i aria-hidden=\"true\" class=\"fab fa-facebook\"><\/i>\t\t\t\t\t\t<\/span>\n\t\t\t\t\t\t\t\t\t\t<span class=\"elementor-icon-list-text\"><\/span>\n\t\t\t\t\t\t\t\t\t\t\t<\/a>\n\t\t\t\t\t\t\t\t\t<\/li>\n\t\t\t\t\t\t<\/ul>\n\t\t\t\t\t\t<\/div>\n\t\t\t\t<\/div>\n\t\t\t\t\t<\/div>\n\t\t<\/div>\n\t\t\t\t<div class=\"elementor-column elementor-col-25 elementor-top-column elementor-element elementor-element-28a8e2da\" data-id=\"28a8e2da\" data-element_type=\"column\" data-e-type=\"column\">\n\t\t\t<div class=\"elementor-widget-wrap\">\n\t\t\t\t\t\t\t<\/div>\n\t\t<\/div>\n\t\t\t\t\t<\/div>\n\t\t<\/section>\n\t\t\t\t<section class=\"elementor-section elementor-top-section elementor-element elementor-element-0d4e37b elementor-section-boxed elementor-section-height-default elementor-section-height-default\" data-id=\"0d4e37b\" data-element_type=\"section\" data-e-type=\"section\">\n\t\t\t\t\t\t<div class=\"elementor-container elementor-column-gap-default\">\n\t\t\t\t\t<div class=\"elementor-column elementor-col-50 elementor-top-column elementor-element elementor-element-6563740\" data-id=\"6563740\" data-element_type=\"column\" data-e-type=\"column\">\n\t\t\t<div class=\"elementor-widget-wrap elementor-element-populated\">\n\t\t\t\t\t\t<div class=\"elementor-element elementor-element-88e3f56 elementor-widget elementor-widget-image\" data-id=\"88e3f56\" data-element_type=\"widget\" data-e-type=\"widget\" data-widget_type=\"image.default\">\n\t\t\t\t<div class=\"elementor-widget-container\">\n\t\t\t\t\t\t\t\t\t\t\t\t\t\t\t<img decoding=\"async\" width=\"833\" height=\"1024\" src=\"https:\/\/antoinelanau.com\/wp-content\/uploads\/2023\/04\/photo-portrait-PORTRAIT-833x1024.jpg\" class=\"attachment-large size-large wp-image-291\" alt=\"\" srcset=\"https:\/\/antoinelanau.com\/wp-content\/uploads\/2023\/04\/photo-portrait-PORTRAIT-833x1024.jpg 833w, https:\/\/antoinelanau.com\/wp-content\/uploads\/2023\/04\/photo-portrait-PORTRAIT-600x737.jpg 600w, https:\/\/antoinelanau.com\/wp-content\/uploads\/2023\/04\/photo-portrait-PORTRAIT-244x300.jpg 244w, https:\/\/antoinelanau.com\/wp-content\/uploads\/2023\/04\/photo-portrait-PORTRAIT-768x944.jpg 768w, https:\/\/antoinelanau.com\/wp-content\/uploads\/2023\/04\/photo-portrait-PORTRAIT-1250x1536.jpg 1250w, https:\/\/antoinelanau.com\/wp-content\/uploads\/2023\/04\/photo-portrait-PORTRAIT-150x184.jpg 150w, https:\/\/antoinelanau.com\/wp-content\/uploads\/2023\/04\/photo-portrait-PORTRAIT.jpg 1611w\" sizes=\"(max-width: 833px) 100vw, 833px\" \/>\t\t\t\t\t\t\t\t\t\t\t\t\t\t\t<\/div>\n\t\t\t\t<\/div>\n\t\t\t\t\t<\/div>\n\t\t<\/div>\n\t\t\t\t<div class=\"elementor-column elementor-col-50 elementor-top-column elementor-element elementor-element-ab93257\" data-id=\"ab93257\" data-element_type=\"column\" data-e-type=\"column\">\n\t\t\t<div class=\"elementor-widget-wrap elementor-element-populated\">\n\t\t\t\t\t\t<div class=\"elementor-element elementor-element-19bb67f elementor-widget elementor-widget-text-editor\" data-id=\"19bb67f\" data-element_type=\"widget\" data-e-type=\"widget\" data-widget_type=\"text-editor.default\">\n\t\t\t\t<div class=\"elementor-widget-container\">\n\t\t\t\t\t\t\t\t\t<div class=\"page\" title=\"Page 1\"><div class=\"layoutArea\"><div class=\"column\"><p>Je suis Antoine Lanau, illustrateur et designer bas\u00e9 dans le sud de la France. Le c\u0153ur de mon travail est l&rsquo;illustration, le graphisme et la cr\u00e9ation de logos. Je travaille principalement pour l&rsquo;industrie musicale, en cr\u00e9ant des visuels de merch, des affiches et des pochettes d&rsquo;album. Cependant, j&rsquo;aime naviguer entre les univers, mes clients sont donc tr\u00e8s diff\u00e9rents et viennent du monde entier.<\/p><p>To contact me, send an email to lanau.ant@gmail.com<br \/>Jetez \u00e9galement un coup d&rsquo;\u0153il \u00e0 mon Instagram et \u00e0 ma page Behance pour en savoir plus sur mon travail.<\/p><\/div><\/div><\/div>\t\t\t\t\t\t\t\t<\/div>\n\t\t\t\t<\/div>\n\t\t\t\t\t<\/div>\n\t\t<\/div>\n\t\t\t\t\t<\/div>\n\t\t<\/section>\n\t\t\t\t<section class=\"elementor-section elementor-top-section elementor-element elementor-element-bc6e871 elementor-section-boxed elementor-section-height-default elementor-section-height-default\" data-id=\"bc6e871\" data-element_type=\"section\" data-e-type=\"section\">\n\t\t\t\t\t\t<div class=\"elementor-container elementor-column-gap-default\">\n\t\t\t\t\t<div class=\"elementor-column elementor-col-100 elementor-top-column elementor-element elementor-element-2aeee1a\" data-id=\"2aeee1a\" data-element_type=\"column\" data-e-type=\"column\">\n\t\t\t<div class=\"elementor-widget-wrap elementor-element-populated\">\n\t\t\t\t\t\t<div class=\"elementor-element elementor-element-31441d4 elementor-widget elementor-widget-text-editor\" data-id=\"31441d4\" data-element_type=\"widget\" data-e-type=\"widget\" data-widget_type=\"text-editor.default\">\n\t\t\t\t<div class=\"elementor-widget-container\">\n\t\t\t\t\t\t\t\t\t<p>\u00a9Copyrights Antoine Lanau<\/p>\t\t\t\t\t\t\t\t<\/div>\n\t\t\t\t<\/div>\n\t\t\t\t\t<\/div>\n\t\t<\/div>\n\t\t\t\t\t<\/div>\n\t\t<\/section>\n\t\t\t\t<section class=\"elementor-section elementor-top-section elementor-element elementor-element-48a1efa elementor-section-boxed elementor-section-height-default elementor-section-height-default\" data-id=\"48a1efa\" data-element_type=\"section\" data-e-type=\"section\" data-settings=\"{&quot;background_background&quot;:&quot;classic&quot;}\">\n\t\t\t\t\t\t<div class=\"elementor-container elementor-column-gap-default\">\n\t\t\t\t\t<div class=\"elementor-column elementor-col-100 elementor-top-column elementor-element elementor-element-febe024\" data-id=\"febe024\" data-element_type=\"column\" data-e-type=\"column\">\n\t\t\t<div class=\"elementor-widget-wrap elementor-element-populated\">\n\t\t\t\t\t\t<div class=\"elementor-element elementor-element-610be1a elementor-widget elementor-widget-image\" data-id=\"610be1a\" data-element_type=\"widget\" data-e-type=\"widget\" data-widget_type=\"image.default\">\n\t\t\t\t<div class=\"elementor-widget-container\">\n\t\t\t\t\t\t\t\t\t\t\t\t\t\t\t\t<a href=\"https:\/\/quentinrettig.com\" target=\"_blank\">\n\t\t\t\t\t\t\t<img decoding=\"async\" width=\"262\" height=\"161\" src=\"https:\/\/antoinelanau.com\/wp-content\/uploads\/2023\/04\/qrettig.png\" class=\"attachment-large size-large wp-image-117\" alt=\"\" srcset=\"https:\/\/antoinelanau.com\/wp-content\/uploads\/2023\/04\/qrettig.png 262w, https:\/\/antoinelanau.com\/wp-content\/uploads\/2023\/04\/qrettig-150x92.png 150w\" sizes=\"(max-width: 262px) 100vw, 262px\" \/>\t\t\t\t\t\t\t\t<\/a>\n\t\t\t\t\t\t\t\t\t\t\t\t\t\t\t<\/div>\n\t\t\t\t<\/div>\n\t\t\t\t<div class=\"elementor-element elementor-element-c09fe4b elementor-widget elementor-widget-text-editor\" data-id=\"c09fe4b\" data-element_type=\"widget\" data-e-type=\"widget\" data-widget_type=\"text-editor.default\">\n\t\t\t\t<div class=\"elementor-widget-container\">\n\t\t\t\t\t\t\t\t\t<p>2023 I Made with \u2764 \u00a9 Quentin RETTIG<\/p>\t\t\t\t\t\t\t\t<\/div>\n\t\t\t\t<\/div>\n\t\t\t\t\t<\/div>\n\t\t<\/div>\n\t\t\t\t\t<\/div>\n\t\t<\/section>\n\t\t\t\t<\/div>","protected":false},"excerpt":{"rendered":"<p>Je suis Antoine Lanau, illustrateur et designer bas\u00e9 dans le sud de la France. Le c\u0153ur de mon travail est l&rsquo;illustration, le graphisme et la cr\u00e9ation de logos. Je travaille principalement pour l&rsquo;industrie musicale, en cr\u00e9ant des visuels de merch, des affiches et des pochettes d&rsquo;album. Cependant, j&rsquo;aime naviguer entre les univers, mes clients sont [&hellip;]<\/p>\n","protected":false},"author":1,"featured_media":0,"parent":0,"menu_order":0,"comment_status":"closed","ping_status":"closed","template":"","meta":{"ocean_post_layout":"full-screen","ocean_both_sidebars_style":"","ocean_both_sidebars_content_width":0,"ocean_both_sidebars_sidebars_width":0,"ocean_sidebar":"0","ocean_second_sidebar":"0","ocean_disable_margins":"on","ocean_add_body_class":"","ocean_shortcode_before_top_bar":"","ocean_shortcode_after_top_bar":"","ocean_shortcode_before_header":"","ocean_shortcode_after_header":"","ocean_has_shortcode":"","ocean_shortcode_after_title":"","ocean_shortcode_before_footer_widgets":"","ocean_shortcode_after_footer_widgets":"","ocean_shortcode_before_footer_bottom":"","ocean_shortcode_after_footer_bottom":"","ocean_display_top_bar":"off","ocean_display_header":"off","ocean_header_style":"","ocean_center_header_left_menu":"0","ocean_custom_header_template":"0","ocean_custom_logo":162,"ocean_custom_retina_logo":162,"ocean_custom_logo_max_width":0,"ocean_custom_logo_tablet_max_width":0,"ocean_custom_logo_mobile_max_width":0,"ocean_custom_logo_max_height":0,"ocean_custom_logo_tablet_max_height":0,"ocean_custom_logo_mobile_max_height":0,"ocean_header_custom_menu":"0","ocean_menu_typo_font_family":"0","ocean_menu_typo_font_subset":"","ocean_menu_typo_font_size":0,"ocean_menu_typo_font_size_tablet":0,"ocean_menu_typo_font_size_mobile":0,"ocean_menu_typo_font_size_unit":"px","ocean_menu_typo_font_weight":"","ocean_menu_typo_font_weight_tablet":"","ocean_menu_typo_font_weight_mobile":"","ocean_menu_typo_transform":"","ocean_menu_typo_transform_tablet":"","ocean_menu_typo_transform_mobile":"","ocean_menu_typo_line_height":0,"ocean_menu_typo_line_height_tablet":0,"ocean_menu_typo_line_height_mobile":0,"ocean_menu_typo_line_height_unit":"","ocean_menu_typo_spacing":0,"ocean_menu_typo_spacing_tablet":0,"ocean_menu_typo_spacing_mobile":0,"ocean_menu_typo_spacing_unit":"","ocean_menu_link_color":"","ocean_menu_link_color_hover":"","ocean_menu_link_color_active":"","ocean_menu_link_background":"","ocean_menu_link_hover_background":"","ocean_menu_link_active_background":"","ocean_menu_social_links_bg":"","ocean_menu_social_hover_links_bg":"","ocean_menu_social_links_color":"","ocean_menu_social_hover_links_color":"","ocean_disable_title":"on","ocean_disable_heading":"default","ocean_post_title":"","ocean_post_subheading":"","ocean_post_title_style":"","ocean_post_title_background_color":"","ocean_post_title_background":0,"ocean_post_title_bg_image_position":"","ocean_post_title_bg_image_attachment":"","ocean_post_title_bg_image_repeat":"","ocean_post_title_bg_image_size":"","ocean_post_title_height":0,"ocean_post_title_bg_overlay":0.5,"ocean_post_title_bg_overlay_color":"","ocean_disable_breadcrumbs":"off","ocean_breadcrumbs_color":"","ocean_breadcrumbs_separator_color":"","ocean_breadcrumbs_links_color":"","ocean_breadcrumbs_links_hover_color":"","ocean_display_footer_widgets":"off","ocean_display_footer_bottom":"off","ocean_custom_footer_template":"0","_themeisle_gutenberg_block_has_review":false,"footnotes":""},"class_list":["post-251","page","type-page","status-publish","hentry","entry","owp-thumbs-layout-horizontal","owp-btn-normal","owp-tabs-layout-horizontal","has-no-thumbnails","has-product-nav"],"yoast_head":"<!-- This site is optimized with the Yoast SEO plugin v27.5 - https:\/\/yoast.com\/product\/yoast-seo-wordpress\/ -->\n<title>About - antoinelanau.com<\/title>\n<meta name=\"description\" content=\"Antoine Lanau Graphiste Illustrateur de France\" \/>\n<meta name=\"robots\" content=\"index, follow, max-snippet:-1, max-image-preview:large, max-video-preview:-1\" \/>\n<link rel=\"canonical\" href=\"https:\/\/antoinelanau.com\/en\/about\/\" \/>\n<meta property=\"og:locale\" content=\"en_US\" \/>\n<meta property=\"og:type\" content=\"article\" \/>\n<meta property=\"og:title\" content=\"About - antoinelanau.com\" \/>\n<meta property=\"og:description\" content=\"Antoine Lanau Graphiste Illustrateur de France\" \/>\n<meta property=\"og:url\" content=\"https:\/\/antoinelanau.com\/en\/about\/\" \/>\n<meta property=\"og:site_name\" content=\"antoinelanau.com\" \/>\n<meta property=\"article:modified_time\" content=\"2024-05-18T12:38:44+00:00\" \/>\n<meta property=\"og:image\" content=\"http:\/\/antoinelanau.com\/wp-content\/uploads\/2024\/05\/logo-antoine-lanau-2024-black2-1.png\" \/>\n<meta name=\"twitter:card\" content=\"summary_large_image\" \/>\n<meta name=\"twitter:label1\" content=\"Est. reading time\" \/>\n\t<meta name=\"twitter:data1\" content=\"2 minutes\" \/>\n<script type=\"application\/ld+json\" class=\"yoast-schema-graph\">{\"@context\":\"https:\\\/\\\/schema.org\",\"@graph\":[{\"@type\":\"WebPage\",\"@id\":\"https:\\\/\\\/antoinelanau.com\\\/about\\\/\",\"url\":\"https:\\\/\\\/antoinelanau.com\\\/about\\\/\",\"name\":\"About - antoinelanau.com\",\"isPartOf\":{\"@id\":\"https:\\\/\\\/antoinelanau.com\\\/#website\"},\"primaryImageOfPage\":{\"@id\":\"https:\\\/\\\/antoinelanau.com\\\/about\\\/#primaryimage\"},\"image\":{\"@id\":\"https:\\\/\\\/antoinelanau.com\\\/about\\\/#primaryimage\"},\"thumbnailUrl\":\"http:\\\/\\\/antoinelanau.com\\\/wp-content\\\/uploads\\\/2024\\\/05\\\/logo-antoine-lanau-2024-black2-1.png\",\"datePublished\":\"2023-04-01T16:44:46+00:00\",\"dateModified\":\"2024-05-18T12:38:44+00:00\",\"description\":\"Antoine Lanau Graphiste Illustrateur de France\",\"breadcrumb\":{\"@id\":\"https:\\\/\\\/antoinelanau.com\\\/about\\\/#breadcrumb\"},\"inLanguage\":\"en-US\",\"potentialAction\":[{\"@type\":\"ReadAction\",\"target\":[\"https:\\\/\\\/antoinelanau.com\\\/about\\\/\"]}]},{\"@type\":\"ImageObject\",\"inLanguage\":\"en-US\",\"@id\":\"https:\\\/\\\/antoinelanau.com\\\/about\\\/#primaryimage\",\"url\":\"http:\\\/\\\/antoinelanau.com\\\/wp-content\\\/uploads\\\/2024\\\/05\\\/logo-antoine-lanau-2024-black2-1.png\",\"contentUrl\":\"http:\\\/\\\/antoinelanau.com\\\/wp-content\\\/uploads\\\/2024\\\/05\\\/logo-antoine-lanau-2024-black2-1.png\"},{\"@type\":\"BreadcrumbList\",\"@id\":\"https:\\\/\\\/antoinelanau.com\\\/about\\\/#breadcrumb\",\"itemListElement\":[{\"@type\":\"ListItem\",\"position\":1,\"name\":\"Accueil\",\"item\":\"https:\\\/\\\/antoinelanau.com\\\/\"},{\"@type\":\"ListItem\",\"position\":2,\"name\":\"About\"}]},{\"@type\":\"WebSite\",\"@id\":\"https:\\\/\\\/antoinelanau.com\\\/#website\",\"url\":\"https:\\\/\\\/antoinelanau.com\\\/\",\"name\":\"antoinelanau.com\",\"description\":\"Illustrateur\",\"publisher\":{\"@id\":\"https:\\\/\\\/antoinelanau.com\\\/#\\\/schema\\\/person\\\/01368281ca96373c21c2ab29e75d2ea5\"},\"alternateName\":\"Antoine Lanau\",\"potentialAction\":[{\"@type\":\"SearchAction\",\"target\":{\"@type\":\"EntryPoint\",\"urlTemplate\":\"https:\\\/\\\/antoinelanau.com\\\/?s={search_term_string}\"},\"query-input\":{\"@type\":\"PropertyValueSpecification\",\"valueRequired\":true,\"valueName\":\"search_term_string\"}}],\"inLanguage\":\"en-US\"},{\"@type\":[\"Person\",\"Organization\"],\"@id\":\"https:\\\/\\\/antoinelanau.com\\\/#\\\/schema\\\/person\\\/01368281ca96373c21c2ab29e75d2ea5\",\"name\":\"eternaliswebagency@gmail.com\",\"image\":{\"@type\":\"ImageObject\",\"inLanguage\":\"en-US\",\"@id\":\"http:\\\/\\\/antoinelanau.com\\\/wp-content\\\/uploads\\\/2023\\\/04\\\/monogramme-arc-noir.png\",\"url\":\"http:\\\/\\\/antoinelanau.com\\\/wp-content\\\/uploads\\\/2023\\\/04\\\/monogramme-arc-noir.png\",\"contentUrl\":\"http:\\\/\\\/antoinelanau.com\\\/wp-content\\\/uploads\\\/2023\\\/04\\\/monogramme-arc-noir.png\",\"width\":946,\"height\":653,\"caption\":\"eternaliswebagency@gmail.com\"},\"logo\":{\"@id\":\"http:\\\/\\\/antoinelanau.com\\\/wp-content\\\/uploads\\\/2023\\\/04\\\/monogramme-arc-noir.png\"},\"sameAs\":[\"https:\\\/\\\/antoinelanau.com\"]}]}<\/script>\n<!-- \/ Yoast SEO plugin. -->","yoast_head_json":{"title":"About - antoinelanau.com","description":"Antoine Lanau Graphiste Illustrateur de France","robots":{"index":"index","follow":"follow","max-snippet":"max-snippet:-1","max-image-preview":"max-image-preview:large","max-video-preview":"max-video-preview:-1"},"canonical":"https:\/\/antoinelanau.com\/en\/about\/","og_locale":"en_US","og_type":"article","og_title":"About - antoinelanau.com","og_description":"Antoine Lanau Graphiste Illustrateur de France","og_url":"https:\/\/antoinelanau.com\/en\/about\/","og_site_name":"antoinelanau.com","article_modified_time":"2024-05-18T12:38:44+00:00","og_image":[{"url":"http:\/\/antoinelanau.com\/wp-content\/uploads\/2024\/05\/logo-antoine-lanau-2024-black2-1.png","type":"","width":"","height":""}],"twitter_card":"summary_large_image","twitter_misc":{"Est. reading time":"2 minutes"},"schema":{"@context":"https:\/\/schema.org","@graph":[{"@type":"WebPage","@id":"https:\/\/antoinelanau.com\/about\/","url":"https:\/\/antoinelanau.com\/about\/","name":"About - antoinelanau.com","isPartOf":{"@id":"https:\/\/antoinelanau.com\/#website"},"primaryImageOfPage":{"@id":"https:\/\/antoinelanau.com\/about\/#primaryimage"},"image":{"@id":"https:\/\/antoinelanau.com\/about\/#primaryimage"},"thumbnailUrl":"http:\/\/antoinelanau.com\/wp-content\/uploads\/2024\/05\/logo-antoine-lanau-2024-black2-1.png","datePublished":"2023-04-01T16:44:46+00:00","dateModified":"2024-05-18T12:38:44+00:00","description":"Antoine Lanau Graphiste Illustrateur de France","breadcrumb":{"@id":"https:\/\/antoinelanau.com\/about\/#breadcrumb"},"inLanguage":"en-US","potentialAction":[{"@type":"ReadAction","target":["https:\/\/antoinelanau.com\/about\/"]}]},{"@type":"ImageObject","inLanguage":"en-US","@id":"https:\/\/antoinelanau.com\/about\/#primaryimage","url":"http:\/\/antoinelanau.com\/wp-content\/uploads\/2024\/05\/logo-antoine-lanau-2024-black2-1.png","contentUrl":"http:\/\/antoinelanau.com\/wp-content\/uploads\/2024\/05\/logo-antoine-lanau-2024-black2-1.png"},{"@type":"BreadcrumbList","@id":"https:\/\/antoinelanau.com\/about\/#breadcrumb","itemListElement":[{"@type":"ListItem","position":1,"name":"Accueil","item":"https:\/\/antoinelanau.com\/"},{"@type":"ListItem","position":2,"name":"About"}]},{"@type":"WebSite","@id":"https:\/\/antoinelanau.com\/#website","url":"https:\/\/antoinelanau.com\/","name":"antoinelanau.com","description":"Illustrateur","publisher":{"@id":"https:\/\/antoinelanau.com\/#\/schema\/person\/01368281ca96373c21c2ab29e75d2ea5"},"alternateName":"Antoine Lanau","potentialAction":[{"@type":"SearchAction","target":{"@type":"EntryPoint","urlTemplate":"https:\/\/antoinelanau.com\/?s={search_term_string}"},"query-input":{"@type":"PropertyValueSpecification","valueRequired":true,"valueName":"search_term_string"}}],"inLanguage":"en-US"},{"@type":["Person","Organization"],"@id":"https:\/\/antoinelanau.com\/#\/schema\/person\/01368281ca96373c21c2ab29e75d2ea5","name":"eternaliswebagency@gmail.com","image":{"@type":"ImageObject","inLanguage":"en-US","@id":"http:\/\/antoinelanau.com\/wp-content\/uploads\/2023\/04\/monogramme-arc-noir.png","url":"http:\/\/antoinelanau.com\/wp-content\/uploads\/2023\/04\/monogramme-arc-noir.png","contentUrl":"http:\/\/antoinelanau.com\/wp-content\/uploads\/2023\/04\/monogramme-arc-noir.png","width":946,"height":653,"caption":"eternaliswebagency@gmail.com"},"logo":{"@id":"http:\/\/antoinelanau.com\/wp-content\/uploads\/2023\/04\/monogramme-arc-noir.png"},"sameAs":["https:\/\/antoinelanau.com"]}]}},"_links":{"self":[{"href":"https:\/\/antoinelanau.com\/en\/wp-json\/wp\/v2\/pages\/251","targetHints":{"allow":["GET"]}}],"collection":[{"href":"https:\/\/antoinelanau.com\/en\/wp-json\/wp\/v2\/pages"}],"about":[{"href":"https:\/\/antoinelanau.com\/en\/wp-json\/wp\/v2\/types\/page"}],"author":[{"embeddable":true,"href":"https:\/\/antoinelanau.com\/en\/wp-json\/wp\/v2\/users\/1"}],"replies":[{"embeddable":true,"href":"https:\/\/antoinelanau.com\/en\/wp-json\/wp\/v2\/comments?post=251"}],"version-history":[{"count":0,"href":"https:\/\/antoinelanau.com\/en\/wp-json\/wp\/v2\/pages\/251\/revisions"}],"wp:attachment":[{"href":"https:\/\/antoinelanau.com\/en\/wp-json\/wp\/v2\/media?parent=251"}],"curies":[{"name":"wp","href":"https:\/\/api.w.org\/{rel}","templated":true}]}}