{"id":902,"date":"2023-07-01T15:49:06","date_gmt":"2023-07-01T13:49:06","guid":{"rendered":"https:\/\/antoinelanau.com\/?page_id=902"},"modified":"2024-05-18T14:42:43","modified_gmt":"2024-05-18T12:42:43","slug":"store","status":"publish","type":"page","link":"https:\/\/antoinelanau.com\/en\/store\/","title":{"rendered":"Store"},"content":{"rendered":"<div data-elementor-type=\"wp-page\" data-elementor-id=\"902\" class=\"elementor elementor-902\">\n\t\t\t\t\t\t<section class=\"elementor-section elementor-top-section elementor-element elementor-element-d98dc70 elementor-section-boxed elementor-section-height-default elementor-section-height-default\" data-id=\"d98dc70\" data-element_type=\"section\" data-e-type=\"section\">\n\t\t\t\t\t\t<div class=\"elementor-container elementor-column-gap-default\">\n\t\t\t\t\t<div class=\"elementor-column elementor-col-25 elementor-top-column elementor-element elementor-element-3e36ab4\" data-id=\"3e36ab4\" data-element_type=\"column\" data-e-type=\"column\">\n\t\t\t<div class=\"elementor-widget-wrap elementor-element-populated\">\n\t\t\t\t\t\t<div class=\"elementor-element elementor-element-9be2351 elementor-invisible elementor-widget elementor-widget-image\" data-id=\"9be2351\" data-element_type=\"widget\" data-e-type=\"widget\" data-settings=\"{&quot;_animation&quot;:&quot;fadeInLeft&quot;}\" data-widget_type=\"image.default\">\n\t\t\t\t<div class=\"elementor-widget-container\">\n\t\t\t\t\t\t\t\t\t\t\t\t\t\t\t\t<a href=\"https:\/\/antoinelanau.com\/en\/\">\n\t\t\t\t\t\t\t<img fetchpriority=\"high\" decoding=\"async\" width=\"941\" height=\"313\" src=\"https:\/\/antoinelanau.com\/wp-content\/uploads\/2024\/05\/logo-antoine-lanau-2024-black2-1.png\" class=\"elementor-animation-sink attachment-2048x2048 size-2048x2048 wp-image-2357\" alt=\"\" srcset=\"https:\/\/antoinelanau.com\/wp-content\/uploads\/2024\/05\/logo-antoine-lanau-2024-black2-1.png 941w, https:\/\/antoinelanau.com\/wp-content\/uploads\/2024\/05\/logo-antoine-lanau-2024-black2-1-300x100.png 300w, https:\/\/antoinelanau.com\/wp-content\/uploads\/2024\/05\/logo-antoine-lanau-2024-black2-1-768x255.png 768w, https:\/\/antoinelanau.com\/wp-content\/uploads\/2024\/05\/logo-antoine-lanau-2024-black2-1-18x6.png 18w, https:\/\/antoinelanau.com\/wp-content\/uploads\/2024\/05\/logo-antoine-lanau-2024-black2-1-600x200.png 600w, https:\/\/antoinelanau.com\/wp-content\/uploads\/2024\/05\/logo-antoine-lanau-2024-black2-1-150x50.png 150w\" sizes=\"(max-width: 941px) 100vw, 941px\" \/>\t\t\t\t\t\t\t\t<\/a>\n\t\t\t\t\t\t\t\t\t\t\t\t\t\t\t<\/div>\n\t\t\t\t<\/div>\n\t\t\t\t\t<\/div>\n\t\t<\/div>\n\t\t\t\t<div class=\"elementor-column elementor-col-25 elementor-top-column elementor-element elementor-element-83e551d\" data-id=\"83e551d\" data-element_type=\"column\" data-e-type=\"column\">\n\t\t\t<div class=\"elementor-widget-wrap elementor-element-populated\">\n\t\t\t\t\t\t<div class=\"elementor-element elementor-element-1f00cf9 elementor-widget elementor-widget-nav-menu\" data-id=\"1f00cf9\" data-element_type=\"widget\" data-e-type=\"widget\" data-widget_type=\"nav-menu.default\">\n\t\t\t\t<div class=\"elementor-widget-container\">\n\t\t\t\t\t \t\t\t\t<\/div>\n\t\t\t\t<\/div>\n\t\t\t\t\t<\/div>\n\t\t<\/div>\n\t\t\t\t<div class=\"elementor-column elementor-col-25 elementor-top-column elementor-element elementor-element-958b7e1\" data-id=\"958b7e1\" data-element_type=\"column\" data-e-type=\"column\">\n\t\t\t<div class=\"elementor-widget-wrap elementor-element-populated\">\n\t\t\t\t\t\t<div class=\"elementor-element elementor-element-02d18f1 elementor-icon-list--layout-inline elementor-align-end elementor-mobile-align-center elementor-list-item-link-full_width elementor-invisible elementor-widget elementor-widget-icon-list\" data-id=\"02d18f1\" data-element_type=\"widget\" data-e-type=\"widget\" data-settings=\"{&quot;_animation&quot;:&quot;fadeInRight&quot;}\" data-widget_type=\"icon-list.default\">\n\t\t\t\t<div class=\"elementor-widget-container\">\n\t\t\t\t\t\t\t<ul class=\"elementor-icon-list-items elementor-inline-items\">\n\t\t\t\t\t\t\t<li class=\"elementor-icon-list-item elementor-inline-item\">\n\t\t\t\t\t\t\t\t\t\t\t<a href=\"https:\/\/www.behance.net\/AntoineLanau\" target=\"_blank\">\n\n\t\t\t\t\t\t\t\t\t\t\t\t<span class=\"elementor-icon-list-icon\">\n\t\t\t\t\t\t\t<i aria-hidden=\"true\" class=\"fab fa-behance-square\"><\/i>\t\t\t\t\t\t<\/span>\n\t\t\t\t\t\t\t\t\t\t<span class=\"elementor-icon-list-text\"><\/span>\n\t\t\t\t\t\t\t\t\t\t\t<\/a>\n\t\t\t\t\t\t\t\t\t<\/li>\n\t\t\t\t\t\t\t\t<li class=\"elementor-icon-list-item elementor-inline-item\">\n\t\t\t\t\t\t\t\t\t\t\t<a href=\"https:\/\/www.instagram.com\/antlanau\/\" target=\"_blank\">\n\n\t\t\t\t\t\t\t\t\t\t\t\t<span class=\"elementor-icon-list-icon\">\n\t\t\t\t\t\t\t<i aria-hidden=\"true\" class=\"fab fa-instagram\"><\/i>\t\t\t\t\t\t<\/span>\n\t\t\t\t\t\t\t\t\t\t<span class=\"elementor-icon-list-text\"><\/span>\n\t\t\t\t\t\t\t\t\t\t\t<\/a>\n\t\t\t\t\t\t\t\t\t<\/li>\n\t\t\t\t\t\t\t\t<li class=\"elementor-icon-list-item elementor-inline-item\">\n\t\t\t\t\t\t\t\t\t\t\t<a href=\"https:\/\/facebook.com\/AntoineLanau\" target=\"_blank\">\n\n\t\t\t\t\t\t\t\t\t\t\t\t<span class=\"elementor-icon-list-icon\">\n\t\t\t\t\t\t\t<i aria-hidden=\"true\" class=\"fab fa-facebook\"><\/i>\t\t\t\t\t\t<\/span>\n\t\t\t\t\t\t\t\t\t\t<span class=\"elementor-icon-list-text\"><\/span>\n\t\t\t\t\t\t\t\t\t\t\t<\/a>\n\t\t\t\t\t\t\t\t\t<\/li>\n\t\t\t\t\t\t<\/ul>\n\t\t\t\t\t\t<\/div>\n\t\t\t\t<\/div>\n\t\t\t\t\t<\/div>\n\t\t<\/div>\n\t\t\t\t<div class=\"elementor-column elementor-col-25 elementor-top-column elementor-element elementor-element-2bd8f57\" data-id=\"2bd8f57\" data-element_type=\"column\" data-e-type=\"column\">\n\t\t\t<div class=\"elementor-widget-wrap\">\n\t\t\t\t\t\t\t<\/div>\n\t\t<\/div>\n\t\t\t\t\t<\/div>\n\t\t<\/section>\n\t\t\t\t<section class=\"elementor-section elementor-top-section elementor-element elementor-element-12783f90 elementor-section-content-middle elementor-section-boxed elementor-section-height-default elementor-section-height-default\" data-id=\"12783f90\" data-element_type=\"section\" data-e-type=\"section\">\n\t\t\t\t\t\t<div class=\"elementor-container elementor-column-gap-no\">\n\t\t\t\t\t<div class=\"elementor-column elementor-col-50 elementor-top-column elementor-element elementor-element-2d3526c1\" data-id=\"2d3526c1\" data-element_type=\"column\" data-e-type=\"column\">\n\t\t\t<div class=\"elementor-widget-wrap elementor-element-populated\">\n\t\t\t\t\t\t<div class=\"elementor-element elementor-element-6182a7cf elementor-widget elementor-widget-media-carousel\" data-id=\"6182a7cf\" data-element_type=\"widget\" data-e-type=\"widget\" data-widget_type=\"media-carousel.default\">\n\t\t\t\t<div class=\"elementor-widget-container\">\n\t\t\t\t\t \t\t\t\t<\/div>\n\t\t\t\t<\/div>\n\t\t\t\t\t<\/div>\n\t\t<\/div>\n\t\t\t\t<div class=\"elementor-column elementor-col-50 elementor-top-column elementor-element elementor-element-44fc4d0\" data-id=\"44fc4d0\" data-element_type=\"column\" data-e-type=\"column\">\n\t\t\t<div class=\"elementor-widget-wrap elementor-element-populated\">\n\t\t\t\t\t\t<div class=\"elementor-element elementor-element-1e12c0d elementor-widget elementor-widget-heading\" data-id=\"1e12c0d\" data-element_type=\"widget\" data-e-type=\"widget\" data-widget_type=\"heading.default\">\n\t\t\t\t<div class=\"elementor-widget-container\">\n\t\t\t\t\t<h5 class=\"elementor-heading-title elementor-size-default\">Available<\/h5>\t\t\t\t<\/div>\n\t\t\t\t<\/div>\n\t\t\t\t<div class=\"elementor-element elementor-element-43e1b44 elementor-widget elementor-widget-heading\" data-id=\"43e1b44\" data-element_type=\"widget\" data-e-type=\"widget\" data-widget_type=\"heading.default\">\n\t\t\t\t<div class=\"elementor-widget-container\">\n\t\t\t\t\t<h4 class=\"elementor-heading-title elementor-size-default\">Athena Saints<\/h4>\t\t\t\t<\/div>\n\t\t\t\t<\/div>\n\t\t\t\t<div class=\"elementor-element elementor-element-4c48399c elementor-widget elementor-widget-text-editor\" data-id=\"4c48399c\" data-element_type=\"widget\" data-e-type=\"widget\" data-widget_type=\"text-editor.default\">\n\t\t\t\t<div class=\"elementor-widget-container\">\n\t\t\t\t\t\t\t\t\t<p>\u00ab\u00a0Athena Saints\u00a0\u00bb est un hommage \u00e0 la s\u00e9rie anim\u00e9e \u00ab\u00a0Les Chevaliers du Zodiaque\u00a0\u00bb (Saint Seiya), diffus\u00e9e en France en 1988 !<br \/>Repr\u00e9sentant les casques de l&rsquo;Arc Sanctuaire qui entourent le sceptre d&rsquo;Ath\u00e9na, j&rsquo;ai voulu le visuel le plus sobre et efficace possible.<br \/>Soyez pr\u00eat \u00e0 br\u00fbler votre cosmos et n&rsquo;oubliez pas, \u00ab\u00a0le dernier arriv\u00e9 est un chevalier d&rsquo;argent!\u00a0\u00bb<br \/>Poster 50 X 70 cm \/ 170 gr semi-matte paper.<br \/>(Les cadres 50 X 70 cm sont trouvables facilement en magasin de bricolage et d\u00e9co).<\/p>\t\t\t\t\t\t\t\t<\/div>\n\t\t\t\t<\/div>\n\t\t\t\t<div class=\"elementor-element elementor-element-5eff7b16 elementor-widget elementor-widget-heading\" data-id=\"5eff7b16\" data-element_type=\"widget\" data-e-type=\"widget\" data-widget_type=\"heading.default\">\n\t\t\t\t<div class=\"elementor-widget-container\">\n\t\t\t\t\t<h4 class=\"elementor-heading-title elementor-size-default\">Fan art poster<\/h4>\t\t\t\t<\/div>\n\t\t\t\t<\/div>\n\t\t\t\t<div class=\"elementor-element elementor-element-41d98242 elementor-widget elementor-widget-button\" data-id=\"41d98242\" data-element_type=\"widget\" data-e-type=\"widget\" data-widget_type=\"button.default\">\n\t\t\t\t<div class=\"elementor-widget-container\">\n\t\t\t\t\t\t\t\t\t<div class=\"elementor-button-wrapper\">\n\t\t\t\t\t<a class=\"elementor-button elementor-button-link elementor-size-sm elementor-animation-sink\" href=\"https:\/\/antoinelanau.bigcartel.com\/product\/athena-saints-fan-art-poster\">\n\t\t\t\t\t\t<span class=\"elementor-button-content-wrapper\">\n\t\t\t\t\t\t\t\t\t<span class=\"elementor-button-text\">Order<\/span>\n\t\t\t\t\t<\/span>\n\t\t\t\t\t<\/a>\n\t\t\t\t<\/div>\n\t\t\t\t\t\t\t\t<\/div>\n\t\t\t\t<\/div>\n\t\t\t\t\t<\/div>\n\t\t<\/div>\n\t\t\t\t\t<\/div>\n\t\t<\/section>\n\t\t\t\t<section class=\"elementor-section elementor-top-section elementor-element elementor-element-d990b46 elementor-section-boxed elementor-section-height-default elementor-section-height-default\" data-id=\"d990b46\" data-element_type=\"section\" data-e-type=\"section\">\n\t\t\t\t\t\t<div class=\"elementor-container elementor-column-gap-default\">\n\t\t\t\t\t<div class=\"elementor-column elementor-col-100 elementor-top-column elementor-element elementor-element-2938b56\" data-id=\"2938b56\" data-element_type=\"column\" data-e-type=\"column\">\n\t\t\t<div class=\"elementor-widget-wrap elementor-element-populated\">\n\t\t\t\t\t\t<div class=\"elementor-element elementor-element-2d157d0 elementor-widget elementor-widget-text-editor\" data-id=\"2d157d0\" data-element_type=\"widget\" data-e-type=\"widget\" data-widget_type=\"text-editor.default\">\n\t\t\t\t<div class=\"elementor-widget-container\">\n\t\t\t\t\t\t\t\t\t<p>\u00a9Copyrights Antoine Lanau<\/p>\t\t\t\t\t\t\t\t<\/div>\n\t\t\t\t<\/div>\n\t\t\t\t\t<\/div>\n\t\t<\/div>\n\t\t\t\t\t<\/div>\n\t\t<\/section>\n\t\t\t\t<section class=\"elementor-section elementor-top-section elementor-element elementor-element-66e0cf9 elementor-section-boxed elementor-section-height-default elementor-section-height-default\" data-id=\"66e0cf9\" data-element_type=\"section\" data-e-type=\"section\" data-settings=\"{&quot;background_background&quot;:&quot;classic&quot;}\">\n\t\t\t\t\t\t<div class=\"elementor-container elementor-column-gap-default\">\n\t\t\t\t\t<div class=\"elementor-column elementor-col-100 elementor-top-column elementor-element elementor-element-7ff6dde\" data-id=\"7ff6dde\" data-element_type=\"column\" data-e-type=\"column\">\n\t\t\t<div class=\"elementor-widget-wrap elementor-element-populated\">\n\t\t\t\t\t\t<div class=\"elementor-element elementor-element-3767122 elementor-widget elementor-widget-image\" data-id=\"3767122\" data-element_type=\"widget\" data-e-type=\"widget\" data-widget_type=\"image.default\">\n\t\t\t\t<div class=\"elementor-widget-container\">\n\t\t\t\t\t\t\t\t\t\t\t\t\t\t\t\t<a href=\"https:\/\/quentinrettig.com\" target=\"_blank\">\n\t\t\t\t\t\t\t<img decoding=\"async\" width=\"262\" height=\"161\" src=\"https:\/\/antoinelanau.com\/wp-content\/uploads\/2023\/04\/qrettig.png\" class=\"attachment-large size-large wp-image-117\" alt=\"\" srcset=\"https:\/\/antoinelanau.com\/wp-content\/uploads\/2023\/04\/qrettig.png 262w, https:\/\/antoinelanau.com\/wp-content\/uploads\/2023\/04\/qrettig-150x92.png 150w\" sizes=\"(max-width: 262px) 100vw, 262px\" \/>\t\t\t\t\t\t\t\t<\/a>\n\t\t\t\t\t\t\t\t\t\t\t\t\t\t\t<\/div>\n\t\t\t\t<\/div>\n\t\t\t\t<div class=\"elementor-element elementor-element-98fdcfb elementor-widget elementor-widget-text-editor\" data-id=\"98fdcfb\" data-element_type=\"widget\" data-e-type=\"widget\" data-widget_type=\"text-editor.default\">\n\t\t\t\t<div class=\"elementor-widget-container\">\n\t\t\t\t\t\t\t\t\t<p>2023 I Made with \u2764 \u00a9 Quentin RETTIG<\/p>\t\t\t\t\t\t\t\t<\/div>\n\t\t\t\t<\/div>\n\t\t\t\t\t<\/div>\n\t\t<\/div>\n\t\t\t\t\t<\/div>\n\t\t<\/section>\n\t\t\t\t<\/div>","protected":false},"excerpt":{"rendered":"<p>Pr\u00e9c\u00e9dent Suivant Disponible Athena Saints \u00ab\u00a0Athena Saints\u00a0\u00bb est un hommage \u00e0 la s\u00e9rie anim\u00e9e \u00ab\u00a0Les Chevaliers du Zodiaque\u00a0\u00bb (Saint Seiya), diffus\u00e9e en France en 1988 !Repr\u00e9sentant les casques de l&rsquo;Arc Sanctuaire qui entourent le sceptre d&rsquo;Ath\u00e9na, j&rsquo;ai voulu le visuel le plus sobre et efficace possible.Soyez pr\u00eat \u00e0 br\u00fbler votre cosmos et n&rsquo;oubliez pas, \u00ab\u00a0le [&hellip;]<\/p>\n","protected":false},"author":1,"featured_media":0,"parent":0,"menu_order":0,"comment_status":"closed","ping_status":"closed","template":"","meta":{"ocean_post_layout":"full-screen","ocean_both_sidebars_style":"","ocean_both_sidebars_content_width":0,"ocean_both_sidebars_sidebars_width":0,"ocean_sidebar":"0","ocean_second_sidebar":"0","ocean_disable_margins":"on","ocean_add_body_class":"","ocean_shortcode_before_top_bar":"","ocean_shortcode_after_top_bar":"","ocean_shortcode_before_header":"","ocean_shortcode_after_header":"","ocean_has_shortcode":"","ocean_shortcode_after_title":"","ocean_shortcode_before_footer_widgets":"","ocean_shortcode_after_footer_widgets":"","ocean_shortcode_before_footer_bottom":"","ocean_shortcode_after_footer_bottom":"","ocean_display_top_bar":"off","ocean_display_header":"off","ocean_header_style":"","ocean_center_header_left_menu":"0","ocean_custom_header_template":"0","ocean_custom_logo":162,"ocean_custom_retina_logo":162,"ocean_custom_logo_max_width":0,"ocean_custom_logo_tablet_max_width":0,"ocean_custom_logo_mobile_max_width":0,"ocean_custom_logo_max_height":0,"ocean_custom_logo_tablet_max_height":0,"ocean_custom_logo_mobile_max_height":0,"ocean_header_custom_menu":"0","ocean_menu_typo_font_family":"0","ocean_menu_typo_font_subset":"","ocean_menu_typo_font_size":0,"ocean_menu_typo_font_size_tablet":0,"ocean_menu_typo_font_size_mobile":0,"ocean_menu_typo_font_size_unit":"px","ocean_menu_typo_font_weight":"","ocean_menu_typo_font_weight_tablet":"","ocean_menu_typo_font_weight_mobile":"","ocean_menu_typo_transform":"","ocean_menu_typo_transform_tablet":"","ocean_menu_typo_transform_mobile":"","ocean_menu_typo_line_height":0,"ocean_menu_typo_line_height_tablet":0,"ocean_menu_typo_line_height_mobile":0,"ocean_menu_typo_line_height_unit":"","ocean_menu_typo_spacing":0,"ocean_menu_typo_spacing_tablet":0,"ocean_menu_typo_spacing_mobile":0,"ocean_menu_typo_spacing_unit":"","ocean_menu_link_color":"","ocean_menu_link_color_hover":"","ocean_menu_link_color_active":"","ocean_menu_link_background":"","ocean_menu_link_hover_background":"","ocean_menu_link_active_background":"","ocean_menu_social_links_bg":"","ocean_menu_social_hover_links_bg":"","ocean_menu_social_links_color":"","ocean_menu_social_hover_links_color":"","ocean_disable_title":"on","ocean_disable_heading":"default","ocean_post_title":"","ocean_post_subheading":"","ocean_post_title_style":"","ocean_post_title_background_color":"","ocean_post_title_background":0,"ocean_post_title_bg_image_position":"","ocean_post_title_bg_image_attachment":"","ocean_post_title_bg_image_repeat":"","ocean_post_title_bg_image_size":"","ocean_post_title_height":0,"ocean_post_title_bg_overlay":0.5,"ocean_post_title_bg_overlay_color":"","ocean_disable_breadcrumbs":"off","ocean_breadcrumbs_color":"","ocean_breadcrumbs_separator_color":"","ocean_breadcrumbs_links_color":"","ocean_breadcrumbs_links_hover_color":"","ocean_display_footer_widgets":"off","ocean_display_footer_bottom":"off","ocean_custom_footer_template":"0","_themeisle_gutenberg_block_has_review":false,"footnotes":""},"class_list":["post-902","page","type-page","status-publish","hentry","entry","owp-thumbs-layout-horizontal","owp-btn-normal","owp-tabs-layout-horizontal","has-no-thumbnails","has-product-nav"],"yoast_head":"<!-- This site is optimized with the Yoast SEO plugin v27.4 - https:\/\/yoast.com\/product\/yoast-seo-wordpress\/ -->\n<title>Store - antoinelanau.com<\/title>\n<meta name=\"description\" content=\"Antoine Lanau Graphiste Illustrateur de France\" \/>\n<meta name=\"robots\" content=\"index, follow, max-snippet:-1, max-image-preview:large, max-video-preview:-1\" \/>\n<link rel=\"canonical\" href=\"https:\/\/antoinelanau.com\/en\/store\/\" \/>\n<meta property=\"og:locale\" content=\"en_US\" \/>\n<meta property=\"og:type\" content=\"article\" \/>\n<meta property=\"og:title\" content=\"Store - antoinelanau.com\" \/>\n<meta property=\"og:description\" content=\"Antoine Lanau Graphiste Illustrateur de France\" \/>\n<meta property=\"og:url\" content=\"https:\/\/antoinelanau.com\/en\/store\/\" \/>\n<meta property=\"og:site_name\" content=\"antoinelanau.com\" \/>\n<meta property=\"article:modified_time\" content=\"2024-05-18T12:42:43+00:00\" \/>\n<meta property=\"og:image\" content=\"http:\/\/antoinelanau.com\/wp-content\/uploads\/2024\/05\/logo-antoine-lanau-2024-black2-1.png\" \/>\n<meta name=\"twitter:card\" content=\"summary_large_image\" \/>\n<meta name=\"twitter:label1\" content=\"Est. reading time\" \/>\n\t<meta name=\"twitter:data1\" content=\"1 minute\" \/>\n<script type=\"application\/ld+json\" class=\"yoast-schema-graph\">{\"@context\":\"https:\\\/\\\/schema.org\",\"@graph\":[{\"@type\":\"WebPage\",\"@id\":\"https:\\\/\\\/antoinelanau.com\\\/store\\\/\",\"url\":\"https:\\\/\\\/antoinelanau.com\\\/store\\\/\",\"name\":\"Store - antoinelanau.com\",\"isPartOf\":{\"@id\":\"https:\\\/\\\/antoinelanau.com\\\/#website\"},\"primaryImageOfPage\":{\"@id\":\"https:\\\/\\\/antoinelanau.com\\\/store\\\/#primaryimage\"},\"image\":{\"@id\":\"https:\\\/\\\/antoinelanau.com\\\/store\\\/#primaryimage\"},\"thumbnailUrl\":\"http:\\\/\\\/antoinelanau.com\\\/wp-content\\\/uploads\\\/2024\\\/05\\\/logo-antoine-lanau-2024-black2-1.png\",\"datePublished\":\"2023-07-01T13:49:06+00:00\",\"dateModified\":\"2024-05-18T12:42:43+00:00\",\"description\":\"Antoine Lanau Graphiste Illustrateur de France\",\"breadcrumb\":{\"@id\":\"https:\\\/\\\/antoinelanau.com\\\/store\\\/#breadcrumb\"},\"inLanguage\":\"en-US\",\"potentialAction\":[{\"@type\":\"ReadAction\",\"target\":[\"https:\\\/\\\/antoinelanau.com\\\/store\\\/\"]}]},{\"@type\":\"ImageObject\",\"inLanguage\":\"en-US\",\"@id\":\"https:\\\/\\\/antoinelanau.com\\\/store\\\/#primaryimage\",\"url\":\"http:\\\/\\\/antoinelanau.com\\\/wp-content\\\/uploads\\\/2024\\\/05\\\/logo-antoine-lanau-2024-black2-1.png\",\"contentUrl\":\"http:\\\/\\\/antoinelanau.com\\\/wp-content\\\/uploads\\\/2024\\\/05\\\/logo-antoine-lanau-2024-black2-1.png\"},{\"@type\":\"BreadcrumbList\",\"@id\":\"https:\\\/\\\/antoinelanau.com\\\/store\\\/#breadcrumb\",\"itemListElement\":[{\"@type\":\"ListItem\",\"position\":1,\"name\":\"Accueil\",\"item\":\"https:\\\/\\\/antoinelanau.com\\\/\"},{\"@type\":\"ListItem\",\"position\":2,\"name\":\"Store\"}]},{\"@type\":\"WebSite\",\"@id\":\"https:\\\/\\\/antoinelanau.com\\\/#website\",\"url\":\"https:\\\/\\\/antoinelanau.com\\\/\",\"name\":\"antoinelanau.com\",\"description\":\"Illustrateur\",\"publisher\":{\"@id\":\"https:\\\/\\\/antoinelanau.com\\\/#\\\/schema\\\/person\\\/01368281ca96373c21c2ab29e75d2ea5\"},\"alternateName\":\"Antoine Lanau\",\"potentialAction\":[{\"@type\":\"SearchAction\",\"target\":{\"@type\":\"EntryPoint\",\"urlTemplate\":\"https:\\\/\\\/antoinelanau.com\\\/?s={search_term_string}\"},\"query-input\":{\"@type\":\"PropertyValueSpecification\",\"valueRequired\":true,\"valueName\":\"search_term_string\"}}],\"inLanguage\":\"en-US\"},{\"@type\":[\"Person\",\"Organization\"],\"@id\":\"https:\\\/\\\/antoinelanau.com\\\/#\\\/schema\\\/person\\\/01368281ca96373c21c2ab29e75d2ea5\",\"name\":\"eternaliswebagency@gmail.com\",\"image\":{\"@type\":\"ImageObject\",\"inLanguage\":\"en-US\",\"@id\":\"http:\\\/\\\/antoinelanau.com\\\/wp-content\\\/uploads\\\/2023\\\/04\\\/monogramme-arc-noir.png\",\"url\":\"http:\\\/\\\/antoinelanau.com\\\/wp-content\\\/uploads\\\/2023\\\/04\\\/monogramme-arc-noir.png\",\"contentUrl\":\"http:\\\/\\\/antoinelanau.com\\\/wp-content\\\/uploads\\\/2023\\\/04\\\/monogramme-arc-noir.png\",\"width\":946,\"height\":653,\"caption\":\"eternaliswebagency@gmail.com\"},\"logo\":{\"@id\":\"http:\\\/\\\/antoinelanau.com\\\/wp-content\\\/uploads\\\/2023\\\/04\\\/monogramme-arc-noir.png\"},\"sameAs\":[\"https:\\\/\\\/antoinelanau.com\"]}]}<\/script>\n<!-- \/ Yoast SEO plugin. -->","yoast_head_json":{"title":"Store - antoinelanau.com","description":"Antoine Lanau Graphiste Illustrateur de France","robots":{"index":"index","follow":"follow","max-snippet":"max-snippet:-1","max-image-preview":"max-image-preview:large","max-video-preview":"max-video-preview:-1"},"canonical":"https:\/\/antoinelanau.com\/en\/store\/","og_locale":"en_US","og_type":"article","og_title":"Store - antoinelanau.com","og_description":"Antoine Lanau Graphiste Illustrateur de France","og_url":"https:\/\/antoinelanau.com\/en\/store\/","og_site_name":"antoinelanau.com","article_modified_time":"2024-05-18T12:42:43+00:00","og_image":[{"url":"http:\/\/antoinelanau.com\/wp-content\/uploads\/2024\/05\/logo-antoine-lanau-2024-black2-1.png","type":"","width":"","height":""}],"twitter_card":"summary_large_image","twitter_misc":{"Est. reading time":"1 minute"},"schema":{"@context":"https:\/\/schema.org","@graph":[{"@type":"WebPage","@id":"https:\/\/antoinelanau.com\/store\/","url":"https:\/\/antoinelanau.com\/store\/","name":"Store - antoinelanau.com","isPartOf":{"@id":"https:\/\/antoinelanau.com\/#website"},"primaryImageOfPage":{"@id":"https:\/\/antoinelanau.com\/store\/#primaryimage"},"image":{"@id":"https:\/\/antoinelanau.com\/store\/#primaryimage"},"thumbnailUrl":"http:\/\/antoinelanau.com\/wp-content\/uploads\/2024\/05\/logo-antoine-lanau-2024-black2-1.png","datePublished":"2023-07-01T13:49:06+00:00","dateModified":"2024-05-18T12:42:43+00:00","description":"Antoine Lanau Graphiste Illustrateur de France","breadcrumb":{"@id":"https:\/\/antoinelanau.com\/store\/#breadcrumb"},"inLanguage":"en-US","potentialAction":[{"@type":"ReadAction","target":["https:\/\/antoinelanau.com\/store\/"]}]},{"@type":"ImageObject","inLanguage":"en-US","@id":"https:\/\/antoinelanau.com\/store\/#primaryimage","url":"http:\/\/antoinelanau.com\/wp-content\/uploads\/2024\/05\/logo-antoine-lanau-2024-black2-1.png","contentUrl":"http:\/\/antoinelanau.com\/wp-content\/uploads\/2024\/05\/logo-antoine-lanau-2024-black2-1.png"},{"@type":"BreadcrumbList","@id":"https:\/\/antoinelanau.com\/store\/#breadcrumb","itemListElement":[{"@type":"ListItem","position":1,"name":"Accueil","item":"https:\/\/antoinelanau.com\/"},{"@type":"ListItem","position":2,"name":"Store"}]},{"@type":"WebSite","@id":"https:\/\/antoinelanau.com\/#website","url":"https:\/\/antoinelanau.com\/","name":"antoinelanau.com","description":"Illustrateur","publisher":{"@id":"https:\/\/antoinelanau.com\/#\/schema\/person\/01368281ca96373c21c2ab29e75d2ea5"},"alternateName":"Antoine Lanau","potentialAction":[{"@type":"SearchAction","target":{"@type":"EntryPoint","urlTemplate":"https:\/\/antoinelanau.com\/?s={search_term_string}"},"query-input":{"@type":"PropertyValueSpecification","valueRequired":true,"valueName":"search_term_string"}}],"inLanguage":"en-US"},{"@type":["Person","Organization"],"@id":"https:\/\/antoinelanau.com\/#\/schema\/person\/01368281ca96373c21c2ab29e75d2ea5","name":"eternaliswebagency@gmail.com","image":{"@type":"ImageObject","inLanguage":"en-US","@id":"http:\/\/antoinelanau.com\/wp-content\/uploads\/2023\/04\/monogramme-arc-noir.png","url":"http:\/\/antoinelanau.com\/wp-content\/uploads\/2023\/04\/monogramme-arc-noir.png","contentUrl":"http:\/\/antoinelanau.com\/wp-content\/uploads\/2023\/04\/monogramme-arc-noir.png","width":946,"height":653,"caption":"eternaliswebagency@gmail.com"},"logo":{"@id":"http:\/\/antoinelanau.com\/wp-content\/uploads\/2023\/04\/monogramme-arc-noir.png"},"sameAs":["https:\/\/antoinelanau.com"]}]}},"_links":{"self":[{"href":"https:\/\/antoinelanau.com\/en\/wp-json\/wp\/v2\/pages\/902","targetHints":{"allow":["GET"]}}],"collection":[{"href":"https:\/\/antoinelanau.com\/en\/wp-json\/wp\/v2\/pages"}],"about":[{"href":"https:\/\/antoinelanau.com\/en\/wp-json\/wp\/v2\/types\/page"}],"author":[{"embeddable":true,"href":"https:\/\/antoinelanau.com\/en\/wp-json\/wp\/v2\/users\/1"}],"replies":[{"embeddable":true,"href":"https:\/\/antoinelanau.com\/en\/wp-json\/wp\/v2\/comments?post=902"}],"version-history":[{"count":0,"href":"https:\/\/antoinelanau.com\/en\/wp-json\/wp\/v2\/pages\/902\/revisions"}],"wp:attachment":[{"href":"https:\/\/antoinelanau.com\/en\/wp-json\/wp\/v2\/media?parent=902"}],"curies":[{"name":"wp","href":"https:\/\/api.w.org\/{rel}","templated":true}]}}